{"id":32,"date":"2023-08-26T07:09:25","date_gmt":"2023-08-26T05:09:25","guid":{"rendered":"https:\/\/metodosanacionemocional.digitaleducationmarketing.com\/?page_id=32"},"modified":"2023-08-28T02:10:58","modified_gmt":"2023-08-28T00:10:58","slug":"ca2","status":"publish","type":"page","link":"https:\/\/metodosanacionemocional.digitaleducationmarketing.com\/index.php\/ca2\/","title":{"rendered":"CA2"},"content":{"rendered":"<p>[et_pb_section fb_built=&#8221;1&#8243; _builder_version=&#8221;4.14.8&#8243; _module_preset=&#8221;default&#8221; background_color=&#8221;#E02B20&#8243; custom_padding=&#8221;7px||7px|||&#8221; global_colors_info=&#8221;{}&#8221;][et_pb_row _builder_version=&#8221;4.14.8&#8243; _module_preset=&#8221;default&#8221; custom_padding=&#8221;17px||16px|||&#8221; global_colors_info=&#8221;{}&#8221;][et_pb_column type=&#8221;4_4&#8243; _builder_version=&#8221;4.14.8&#8243; _module_preset=&#8221;default&#8221; global_colors_info=&#8221;{}&#8221;][et_pb_text _builder_version=&#8221;4.14.8&#8243; _module_preset=&#8221;default&#8221; text_font=&#8221;Montserrat||||||||&#8221; text_text_color=&#8221;#FFFFFF&#8221; text_font_size=&#8221;26px&#8221; text_line_height=&#8221;1.2em&#8221; text_orientation=&#8221;center&#8221; custom_margin=&#8221;|-60px|-2px|-60px||&#8221; text_font_size_tablet=&#8221;26px&#8221; text_font_size_phone=&#8221;16px&#8221; text_font_size_last_edited=&#8221;on|phone&#8221; global_colors_info=&#8221;{}&#8221;]<\/p>\n<p><span style=\"text-decoration: underline;\"><strong>ATENCI\u00d3N<\/strong><\/span>: Video disponible solo hasta hoy, aprovecha la clase mientras est\u00e9 disponible.<\/p>\n<p>[\/et_pb_text][\/et_pb_column][\/et_pb_row][\/et_pb_section][et_pb_section fb_built=&#8221;1&#8243; _builder_version=&#8221;4.14.8&#8243; _module_preset=&#8221;default&#8221; background_color=&#8221;#000000&#8243; custom_padding=&#8221;25px||10px|||&#8221; global_colors_info=&#8221;{}&#8221;][et_pb_row _builder_version=&#8221;4.14.8&#8243; _module_preset=&#8221;default&#8221; custom_padding=&#8221;6px|||||&#8221; global_colors_info=&#8221;{}&#8221;][et_pb_column type=&#8221;4_4&#8243; _builder_version=&#8221;4.14.8&#8243; _module_preset=&#8221;default&#8221; global_colors_info=&#8221;{}&#8221;][et_pb_text _builder_version=&#8221;4.14.8&#8243; _module_preset=&#8221;default&#8221; text_font=&#8221;Montserrat|800|||||||&#8221; text_text_color=&#8221;#FFFFFF&#8221; text_font_size=&#8221;30px&#8221; text_line_height=&#8221;1.2em&#8221; text_orientation=&#8221;center&#8221; custom_margin=&#8221;|-32px|18px|-32px||&#8221; text_font_size_tablet=&#8221;&#8221; text_font_size_phone=&#8221;20px&#8221; text_font_size_last_edited=&#8221;on|phone&#8221; global_colors_info=&#8221;{}&#8221;]<\/p>\n<p>&#8220;Conoce el M\u00e9todo Oculto que las Mujeres Exitosas Usan para Eliminar Ansiedades, Depresi\u00f3n y Estr\u00e9s&#8221;<\/p>\n<p>[\/et_pb_text][et_pb_text _builder_version=&#8221;4.14.8&#8243; _module_preset=&#8221;default&#8221; text_font=&#8221;Montserrat|700|||||||&#8221; text_text_color=&#8221;#E02B20&#8243; text_font_size=&#8221;20px&#8221; text_line_height=&#8221;1.2em&#8221; text_orientation=&#8221;center&#8221; custom_margin=&#8221;|-32px|13px|-32px||&#8221; text_font_size_tablet=&#8221;&#8221; text_font_size_phone=&#8221;15px&#8221; text_font_size_last_edited=&#8221;on|phone&#8221; global_colors_info=&#8221;{}&#8221;]<\/p>\n<p><span style=\"color: #e02b20;\">No te olvides de activar el audio y mirar la clase hasta el final&#8230;<\/span><\/p>\n<p>[\/et_pb_text][et_pb_code _builder_version=&#8221;4.14.8&#8243; _module_preset=&#8221;default&#8221; custom_margin=&#8221;|-32px||-32px||&#8221; global_colors_info=&#8221;{}&#8221;]<\/p>\n<div id=\"vid_64ebc7f9fc6f580009277cf5\" style=\"position:relative;width:100%;padding: 56.25% 0 0;\"><img decoding=\"async\" id=\"thumb_64ebc7f9fc6f580009277cf5\" src=\"https:\/\/images.converteai.net\/d083f223-e434-4f74-bc12-804286c2ac6d\/players\/64ebc7f9fc6f580009277cf5\/thumbnail.jpg\" style=\"position:absolute;top:0;left:0;width:100%;height:100%;object-fit:cover;display:block;\"><\/p>\n<div id=\"backdrop_64ebc7f9fc6f580009277cf5\" style=\"position:absolute;top:0;width:100%;height:100%;-webkit-backdrop-filter:blur(5px);backdrop-filter:blur(5px);\"><\/div>\n<\/div>\n<p><script type=\"text\/javascript\" id=\"scr_64ebc7f9fc6f580009277cf5\">var s=document.createElement(\"script\");s.src=\"https:\/\/scripts.converteai.net\/d083f223-e434-4f74-bc12-804286c2ac6d\/players\/64ebc7f9fc6f580009277cf5\/player.js\",s.async=!0,document.head.appendChild(s);<\/script>[\/et_pb_code][et_pb_text _builder_version=&#8221;4.14.8&#8243; _module_preset=&#8221;default&#8221; text_font=&#8221;Montserrat||||||||&#8221; text_text_color=&#8221;#000000&#8243; text_font_size=&#8221;30px&#8221; text_line_height=&#8221;1.2em&#8221; text_orientation=&#8221;center&#8221; custom_margin=&#8221;|-32px||-32px||&#8221; text_font_size_tablet=&#8221;&#8221; text_font_size_phone=&#8221;16px&#8221; text_font_size_last_edited=&#8221;on|phone&#8221; global_colors_info=&#8221;{}&#8221;]<\/p>\n<p><span style=\"color: #ffffff;\">&lt;Aseg\u00farate que el audio est\u00e9 encendido&gt;<\/span><\/p>\n<p>[\/et_pb_text][\/et_pb_column][\/et_pb_row][\/et_pb_section][et_pb_section fb_built=&#8221;1&#8243; module_class=&#8221;cs_btn&#8221; _builder_version=&#8221;4.14.8&#8243; _module_preset=&#8221;default&#8221; custom_padding=&#8221;7px||32px|||&#8221; box_shadow_style=&#8221;preset1&#8243; global_colors_info=&#8221;{}&#8221;][et_pb_row _builder_version=&#8221;4.14.8&#8243; _module_preset=&#8221;default&#8221; custom_margin=&#8221;|auto|-32px|auto||&#8221; custom_padding=&#8221;3px||10px|||&#8221; global_colors_info=&#8221;{}&#8221;][et_pb_column type=&#8221;4_4&#8243; _builder_version=&#8221;4.14.8&#8243; _module_preset=&#8221;default&#8221; global_colors_info=&#8221;{}&#8221;][et_pb_image src=&#8221;https:\/\/metodosanacionemocional.digitaleducationmarketing.com\/wp-content\/uploads\/2023\/08\/Diseno-sin-titulo-2-2-2.png&#8221; title_text=&#8221;Dise\u00f1o sin t\u00edtulo-2-2-2&#8243; align=&#8221;center&#8221; _builder_version=&#8221;4.14.8&#8243; _module_preset=&#8221;default&#8221; custom_margin=&#8221;|-37px||-35px||&#8221; custom_padding=&#8221;8px|||||&#8221; global_colors_info=&#8221;{}&#8221;][\/et_pb_image][et_pb_text _builder_version=&#8221;4.14.8&#8243; _module_preset=&#8221;default&#8221; text_font=&#8221;Montserrat||||||||&#8221; text_text_color=&#8221;#000000&#8243; text_font_size=&#8221;20px&#8221; text_font_size_tablet=&#8221;&#8221; text_font_size_phone=&#8221;16px&#8221; text_font_size_last_edited=&#8221;on|phone&#8221; global_colors_info=&#8221;{}&#8221;]<\/p>\n<p>\u2714 <strong>M\u00e9todo Artemoci\u00f3n Recuperativa<\/strong>\u00a0<span style=\"color: #e02b20;\"><strong>(Valorado en <span style=\"text-decoration: line-through;\">$399 USD<\/span>)<\/strong><\/span><\/p>\n<p>\ud83c\udf81 <strong>Regalo #1:<\/strong> <span class=\"WdYUQQ text-decoration-none text-strikethrough-none\">Ejercicio de Sanaci\u00f3n F\u00edsica<\/span><span class=\"WdYUQQ\">\u00a0<span style=\"color: #e02b20;\"><strong>(Valorado en <span style=\"text-decoration: line-through;\">$37 USD<\/span>)<\/strong><\/span><\/span><\/p>\n<p><span class=\"WdYUQQ\">\ud83c\udf81 <strong>Regalo #2:<\/strong> <span class=\"WdYUQQ text-decoration-none text-strikethrough-none\">Ejercicio de Sanaci\u00f3n Emocional<\/span>\u00a0<strong><span style=\"color: #e02b20;\">(Valorado en <span style=\"text-decoration: line-through;\">$57 USD<\/span>)<\/span><\/strong><\/span><\/p>\n<p><span class=\"WdYUQQ\">\ud83c\udf81 <strong>Regalo #3:<\/strong> Sanci\u00f3n Emocional a trav\u00e9s de Arte y Chakras <span style=\"color: #e02b20;\"><strong>(Valorado en <span style=\"text-decoration: line-through;\">$37 USD<\/span>)<\/strong><\/span><\/span><\/p>\n<p><span class=\"WdYUQQ\">\u2714 <strong>Garant\u00eda de 7 d\u00edas<\/strong> <span style=\"color: #e02b20;\"><strong>(Invaluable)<\/strong><\/span><\/span><\/p>\n<p>[\/et_pb_text][et_pb_text _builder_version=&#8221;4.14.8&#8243; _module_preset=&#8221;default&#8221; text_font=&#8221;Montserrat|700|||||||&#8221; text_text_color=&#8221;#0923a5&#8243; text_font_size=&#8221;35px&#8221; text_line_height=&#8221;1.2em&#8221; text_orientation=&#8221;center&#8221; custom_margin=&#8221;|-32px|8px|-32px||&#8221; text_font_size_tablet=&#8221;&#8221; text_font_size_phone=&#8221;20px&#8221; text_font_size_last_edited=&#8221;on|phone&#8221; global_colors_info=&#8221;{}&#8221;]<\/p>\n<p>VALOR TOTAL: <span style=\"text-decoration: line-through;\">$530 USD<\/span><\/p>\n<p>[\/et_pb_text][et_pb_text _builder_version=&#8221;4.14.8&#8243; _module_preset=&#8221;default&#8221; text_font=&#8221;Montserrat|700|||||||&#8221; text_text_color=&#8221;#000000&#8243; text_font_size=&#8221;35px&#8221; text_line_height=&#8221;1.2em&#8221; text_orientation=&#8221;center&#8221; min_height=&#8221;25px&#8221; custom_margin=&#8221;|-32px|6px|-32px||&#8221; text_font_size_tablet=&#8221;&#8221; text_font_size_phone=&#8221;18px&#8221; text_font_size_last_edited=&#8221;on|phone&#8221; global_colors_info=&#8221;{}&#8221;]<\/p>\n<p>AHORA POR:<\/p>\n<p>[\/et_pb_text][et_pb_text _builder_version=&#8221;4.14.8&#8243; _module_preset=&#8221;default&#8221; text_font=&#8221;Montserrat|700|||||||&#8221; text_text_color=&#8221;#E02B20&#8243; text_font_size=&#8221;50px&#8221; text_line_height=&#8221;1.2em&#8221; text_orientation=&#8221;center&#8221; custom_margin=&#8221;5px|-32px|8px|-32px||&#8221; text_font_size_tablet=&#8221;&#8221; text_font_size_phone=&#8221;26px&#8221; text_font_size_last_edited=&#8221;on|phone&#8221; global_colors_info=&#8221;{}&#8221;]<\/p>\n<p>$30 USD<\/p>\n<p>[\/et_pb_text][et_pb_button button_url=&#8221;https:\/\/go.hotmart.com\/I86150901U?ap=ca4e&#8221; url_new_window=&#8221;on&#8221; button_text=&#8221;\u00a1S\u00cd, QUIERO EMPEZAR A SANAR MIS EMOCIONES!&#8221; button_alignment=&#8221;center&#8221; _builder_version=&#8221;4.14.8&#8243; _module_preset=&#8221;default&#8221; custom_button=&#8221;on&#8221; button_text_color=&#8221;#FFFFFF&#8221; button_bg_color=&#8221;#E02B20&#8243; button_border_width=&#8221;0px&#8221; button_border_radius=&#8221;2px&#8221; button_font=&#8221;Montserrat|600|||||||&#8221; custom_margin=&#8221;||10px|||&#8221; button_text_size_tablet=&#8221;&#8221; button_text_size_phone=&#8221;14px&#8221; button_text_size_last_edited=&#8221;on|phone&#8221; box_shadow_style=&#8221;preset1&#8243; box_shadow_color=&#8221;#E02B20&#8243; global_colors_info=&#8221;{}&#8221;][\/et_pb_button][et_pb_image src=&#8221;https:\/\/metodosanacionemocional.digitaleducationmarketing.com\/wp-content\/uploads\/2023\/08\/Logos-01-3-3-1-768&#215;160-1.png&#8221; title_text=&#8221;Logos-01-3-3-1-768&#215;160&#8243; align=&#8221;center&#8221; _builder_version=&#8221;4.14.8&#8243; _module_preset=&#8221;default&#8221; width=&#8221;30%&#8221; width_tablet=&#8221;50%&#8221; width_phone=&#8221;89%&#8221; width_last_edited=&#8221;on|phone&#8221; global_colors_info=&#8221;{}&#8221;][\/et_pb_image][\/et_pb_column][\/et_pb_row][\/et_pb_section][et_pb_section fb_built=&#8221;1&#8243; module_class=&#8221;cs_btn&#8221; _builder_version=&#8221;4.14.8&#8243; _module_preset=&#8221;default&#8221; global_colors_info=&#8221;{}&#8221;][et_pb_row _builder_version=&#8221;4.14.8&#8243; _module_preset=&#8221;default&#8221; global_colors_info=&#8221;{}&#8221;][et_pb_column type=&#8221;4_4&#8243; _builder_version=&#8221;4.14.8&#8243; _module_preset=&#8221;default&#8221; global_colors_info=&#8221;{}&#8221;][et_pb_image src=&#8221;https:\/\/metodosanacionemocional.digitaleducationmarketing.com\/wp-content\/uploads\/2023\/08\/Captura-de-pantalla-2023-08-24-a-las-11.24.35.png&#8221; title_text=&#8221;Captura de pantalla 2023-08-24 a la(s) 11.24.35&#8243; align=&#8221;center&#8221; _builder_version=&#8221;4.14.8&#8243; _module_preset=&#8221;default&#8221; global_colors_info=&#8221;{}&#8221;][\/et_pb_image][et_pb_image src=&#8221;https:\/\/metodosanacionemocional.digitaleducationmarketing.com\/wp-content\/uploads\/2023\/08\/Captura-de-pantalla-2023-08-24-a-las-11.25.42.png&#8221; title_text=&#8221;Captura de pantalla 2023-08-24 a la(s) 11.25.42&#8243; align=&#8221;center&#8221; _builder_version=&#8221;4.14.8&#8243; _module_preset=&#8221;default&#8221; global_colors_info=&#8221;{}&#8221;][\/et_pb_image][et_pb_image src=&#8221;https:\/\/metodosanacionemocional.digitaleducationmarketing.com\/wp-content\/uploads\/2023\/08\/Captura-de-pantalla-2023-08-24-a-las-11.26.07.png&#8221; title_text=&#8221;Captura de pantalla 2023-08-24 a la(s) 11.26.07&#8243; align=&#8221;center&#8221; _builder_version=&#8221;4.14.8&#8243; _module_preset=&#8221;default&#8221; global_colors_info=&#8221;{}&#8221;][\/et_pb_image][et_pb_image src=&#8221;https:\/\/metodosanacionemocional.digitaleducationmarketing.com\/wp-content\/uploads\/2023\/08\/Captura-de-pantalla-2023-08-24-a-las-11.26.25.png&#8221; title_text=&#8221;Captura de pantalla 2023-08-24 a la(s) 11.26.25&#8243; align=&#8221;center&#8221; _builder_version=&#8221;4.14.8&#8243; _module_preset=&#8221;default&#8221; global_colors_info=&#8221;{}&#8221;][\/et_pb_image][et_pb_image src=&#8221;https:\/\/metodosanacionemocional.digitaleducationmarketing.com\/wp-content\/uploads\/2023\/08\/Captura-de-pantalla-2023-08-24-a-las-11.26.43.png&#8221; title_text=&#8221;Captura de pantalla 2023-08-24 a la(s) 11.26.43&#8243; align=&#8221;center&#8221; _builder_version=&#8221;4.14.8&#8243; _module_preset=&#8221;default&#8221; global_colors_info=&#8221;{}&#8221;][\/et_pb_image][et_pb_image src=&#8221;https:\/\/metodosanacionemocional.digitaleducationmarketing.com\/wp-content\/uploads\/2023\/08\/Captura-de-pantalla-2023-08-24-a-las-11.24.53.png&#8221; title_text=&#8221;Captura de pantalla 2023-08-24 a la(s) 11.24.53&#8243; align=&#8221;center&#8221; _builder_version=&#8221;4.14.8&#8243; _module_preset=&#8221;default&#8221; global_colors_info=&#8221;{}&#8221;][\/et_pb_image][et_pb_image src=&#8221;https:\/\/metodosanacionemocional.digitaleducationmarketing.com\/wp-content\/uploads\/2023\/08\/Captura-de-pantalla-2023-08-24-a-las-11.25.25.png&#8221; title_text=&#8221;Captura de pantalla 2023-08-24 a la(s) 11.25.25&#8243; align=&#8221;center&#8221; _builder_version=&#8221;4.14.8&#8243; _module_preset=&#8221;default&#8221; global_colors_info=&#8221;{}&#8221;][\/et_pb_image][\/et_pb_column][\/et_pb_row][\/et_pb_section][et_pb_section fb_built=&#8221;1&#8243; module_class=&#8221;cs_btn&#8221; _builder_version=&#8221;4.14.8&#8243; _module_preset=&#8221;default&#8221; background_color=&#8221;#f4f4f4&#8243; custom_padding=&#8221;8px||10px|||&#8221; global_colors_info=&#8221;{}&#8221;][et_pb_row _builder_version=&#8221;4.14.8&#8243; _module_preset=&#8221;default&#8221; custom_padding=&#8221;||4px|||&#8221; global_colors_info=&#8221;{}&#8221;][et_pb_column type=&#8221;4_4&#8243; _builder_version=&#8221;4.14.8&#8243; _module_preset=&#8221;default&#8221; global_colors_info=&#8221;{}&#8221;][et_pb_text _builder_version=&#8221;4.14.8&#8243; _module_preset=&#8221;default&#8221; text_font=&#8221;Montserrat|700|||||||&#8221; text_text_color=&#8221;#0923a5&#8243; text_font_size=&#8221;35px&#8221; text_line_height=&#8221;1.2em&#8221; text_orientation=&#8221;center&#8221; custom_margin=&#8221;|-32px|20px|-32px||&#8221; text_font_size_tablet=&#8221;&#8221; text_font_size_phone=&#8221;20px&#8221; text_font_size_last_edited=&#8221;on|phone&#8221; global_colors_info=&#8221;{}&#8221;]<\/p>\n<p>\u00bfTIENES PREGUNTAS?<\/p>\n<p>[\/et_pb_text][et_pb_toggle title=&#8221;\u00bfNECESITO TENER EXPERIENCIA EN PINTURA?&#8221; open_toggle_text_color=&#8221;#000000&#8243; icon_color=&#8221;#E02B20&#8243; _builder_version=&#8221;4.14.8&#8243; _module_preset=&#8221;default&#8221; title_text_color=&#8221;#000000&#8243; title_font=&#8221;Montserrat|700|||||||&#8221; body_font=&#8221;Montserrat||||||||&#8221; body_text_color=&#8221;#000000&#8243; custom_margin=&#8221;|-36px|3px|-36px||true&#8221; title_font_size_tablet=&#8221;&#8221; title_font_size_phone=&#8221;12px&#8221; title_font_size_last_edited=&#8221;on|phone&#8221; global_colors_info=&#8221;{}&#8221;]<\/p>\n<p>Este curso fue dise\u00f1ado para <strong><span style=\"color: #e02b20;\">empezar desde 0<\/span><\/strong>, no necesitas tener experiencia en pintura porque vas a plasmas lo que est\u00e1 dentro de ti.. y para eso no existe un patr\u00f3n que tengas que seguir&#8230; solo dejar fluir.<\/p>\n<p>[\/et_pb_toggle][et_pb_toggle title=&#8221;\u00bfEN QUE HORARIOS SON LAS CLASES?&#8221; open_toggle_text_color=&#8221;#000000&#8243; icon_color=&#8221;#E02B20&#8243; _builder_version=&#8221;4.14.8&#8243; _module_preset=&#8221;default&#8221; title_text_color=&#8221;#000000&#8243; title_font=&#8221;Montserrat|700|||||||&#8221; body_font=&#8221;Montserrat||||||||&#8221; body_text_color=&#8221;#000000&#8243; custom_margin=&#8221;|-36px|3px|-36px||&#8221; title_font_size_tablet=&#8221;&#8221; title_font_size_phone=&#8221;12px&#8221; title_font_size_last_edited=&#8221;on|phone&#8221; global_colors_info=&#8221;{}&#8221;]<\/p>\n<p>Las clases ya est\u00e1n grabadas y alojas en nuestra plataforma educativa, la misma que te ofrece el servicio de <span style=\"color: #ff0000;\"><strong>streaming las 24 horas del d\u00eda<\/strong><\/span>, lo que significa que podr\u00e1s entrar y revisar la clase segun <span style=\"color: #ff0000;\"><strong>tu disponibilidad de horarios<\/strong><\/span>.<\/p>\n<p>[\/et_pb_toggle][et_pb_toggle title=&#8221;\u00bfPODR\u00c9 HACER PREGUNTAS?&#8221; open_toggle_text_color=&#8221;#000000&#8243; icon_color=&#8221;#E02B20&#8243; _builder_version=&#8221;4.14.8&#8243; _module_preset=&#8221;default&#8221; title_text_color=&#8221;#000000&#8243; title_font=&#8221;Montserrat|700|||||||&#8221; body_font=&#8221;Montserrat||||||||&#8221; body_text_color=&#8221;#000000&#8243; custom_margin=&#8221;|-36px|3px|-36px||&#8221; title_font_size_tablet=&#8221;&#8221; title_font_size_phone=&#8221;12px&#8221; title_font_size_last_edited=&#8221;on|phone&#8221; global_colors_info=&#8221;{}&#8221;]<\/p>\n<p>Tendr\u00e1s acceso a un <span style=\"color: #ff0000;\"><strong>\u00e1rea de miembros<\/strong><\/span> d\u00f3nde podr\u00e1s dejar <span style=\"color: #ff0000;\"><strong>tus preguntas<\/strong><\/span> y ser\u00e1n respondidas por M\u00f3nica, nuestra especialista.<\/p>\n<p>[\/et_pb_toggle][et_pb_toggle title=&#8221;\u00bfCU\u00c1NTO TIEMPO TENDR\u00c9 ACCESO AL CURSO?&#8221; open_toggle_text_color=&#8221;#000000&#8243; icon_color=&#8221;#E02B20&#8243; _builder_version=&#8221;4.14.8&#8243; _module_preset=&#8221;default&#8221; title_text_color=&#8221;#000000&#8243; title_font=&#8221;Montserrat|700|||||||&#8221; body_font=&#8221;Montserrat||||||||&#8221; body_text_color=&#8221;#000000&#8243; custom_margin=&#8221;|-36px|3px|-36px||&#8221; title_font_size_tablet=&#8221;&#8221; title_font_size_phone=&#8221;12px&#8221; title_font_size_last_edited=&#8221;on|phone&#8221; global_colors_info=&#8221;{}&#8221;]<\/p>\n<p>El <span style=\"color: #e02b20;\"><strong>acceso es vitalicio<\/strong><\/span> y podr\u00e1s ver y estudiar el curso seg\u00fan <span style=\"color: #e02b20;\"><strong>tu disponibilidad de tiempo<\/strong><\/span>. Una vez hayas adquirido el curso el acceso ser\u00e1 para siempre.<\/p>\n<p>[\/et_pb_toggle][\/et_pb_column][\/et_pb_row][\/et_pb_section][et_pb_section fb_built=&#8221;1&#8243; _builder_version=&#8221;4.14.8&#8243; _module_preset=&#8221;default&#8221; background_color=&#8221;#000000&#8243; custom_padding=&#8221;2px||1px|||&#8221; global_colors_info=&#8221;{}&#8221;][et_pb_row _builder_version=&#8221;4.14.8&#8243; _module_preset=&#8221;default&#8221; custom_padding=&#8221;6px||12px|||&#8221; global_colors_info=&#8221;{}&#8221;][et_pb_column type=&#8221;4_4&#8243; _builder_version=&#8221;4.14.8&#8243; _module_preset=&#8221;default&#8221; global_colors_info=&#8221;{}&#8221;][et_pb_text _builder_version=&#8221;4.14.8&#8243; _module_preset=&#8221;default&#8221; text_text_color=&#8221;#FFFFFF&#8221; text_font_size=&#8221;13px&#8221; text_orientation=&#8221;center&#8221; custom_margin=&#8221;|-31px|6px|-31px||&#8221; text_font_size_tablet=&#8221;&#8221; text_font_size_phone=&#8221;12px&#8221; text_font_size_last_edited=&#8221;on|desktop&#8221; global_colors_info=&#8221;{}&#8221;]<\/p>\n<p><span>\u00a9 2023 \u2013 M\u00e9todo Artemoci\u00f3n Recuperativa &#8211; Todos los derechos reservados &#8211; Pol\u00edticas de Privacidad<\/span><\/p>\n<p>[\/et_pb_text][et_pb_text _builder_version=&#8221;4.14.8&#8243; _module_preset=&#8221;default&#8221; text_text_color=&#8221;#FFFFFF&#8221; text_font_size=&#8221;13px&#8221; text_orientation=&#8221;center&#8221; custom_margin=&#8221;|-31px||-31px||&#8221; text_font_size_tablet=&#8221;&#8221; text_font_size_phone=&#8221;12px&#8221; text_font_size_last_edited=&#8221;on|desktop&#8221; global_colors_info=&#8221;{}&#8221;]<\/p>\n<p><span>DESCARGO DE RESPONSABILIDAD IMPORTANTE: Este sitio no es parte del sitio web Facebook o Facebook INC.<\/span><\/p>\n<p>[\/et_pb_text][\/et_pb_column][\/et_pb_row][\/et_pb_section]<\/p>\n","protected":false},"excerpt":{"rendered":"<p>ATENCI\u00d3N: Video disponible solo hasta hoy, aprovecha la clase mientras est\u00e9 disponible.&#8221;Conoce el M\u00e9todo Oculto que las Mujeres Exitosas Usan para Eliminar Ansiedades, Depresi\u00f3n y Estr\u00e9s&#8221;No te olvides de activar el audio y mirar la clase hasta el final&#8230;&lt;Aseg\u00farate que el audio est\u00e9 encendido&gt;\u2714 M\u00e9todo Artemoci\u00f3n Recuperativa\u00a0(Valorado en $399 USD) \ud83c\udf81 Regalo #1: Ejercicio de [&hellip;]<\/p>\n","protected":false},"author":1,"featured_media":0,"parent":0,"menu_order":0,"comment_status":"closed","ping_status":"closed","template":"page-template-blank.php","meta":{"_et_pb_use_builder":"on","_et_pb_old_content":"","_et_gb_content_width":"","footnotes":""},"_links":{"self":[{"href":"https:\/\/metodosanacionemocional.digitaleducationmarketing.com\/index.php\/wp-json\/wp\/v2\/pages\/32"}],"collection":[{"href":"https:\/\/metodosanacionemocional.digitaleducationmarketing.com\/index.php\/wp-json\/wp\/v2\/pages"}],"about":[{"href":"https:\/\/metodosanacionemocional.digitaleducationmarketing.com\/index.php\/wp-json\/wp\/v2\/types\/page"}],"author":[{"embeddable":true,"href":"https:\/\/metodosanacionemocional.digitaleducationmarketing.com\/index.php\/wp-json\/wp\/v2\/users\/1"}],"replies":[{"embeddable":true,"href":"https:\/\/metodosanacionemocional.digitaleducationmarketing.com\/index.php\/wp-json\/wp\/v2\/comments?post=32"}],"version-history":[{"count":2,"href":"https:\/\/metodosanacionemocional.digitaleducationmarketing.com\/index.php\/wp-json\/wp\/v2\/pages\/32\/revisions"}],"predecessor-version":[{"id":37,"href":"https:\/\/metodosanacionemocional.digitaleducationmarketing.com\/index.php\/wp-json\/wp\/v2\/pages\/32\/revisions\/37"}],"wp:attachment":[{"href":"https:\/\/metodosanacionemocional.digitaleducationmarketing.com\/index.php\/wp-json\/wp\/v2\/media?parent=32"}],"curies":[{"name":"wp","href":"https:\/\/api.w.org\/{rel}","templated":true}]}}